{"id":464,"date":"2018-09-06T13:35:10","date_gmt":"2018-09-06T11:35:10","guid":{"rendered":"https:\/\/brings-online.com\/demo\/wordpress-theme-immobilia18\/?page_id=464"},"modified":"2023-08-19T07:10:28","modified_gmt":"2023-08-19T05:10:28","slug":"impressum","status":"publish","type":"page","link":"https:\/\/www.wuppertal-immobilien.info\/immobilien-angebote\/impressum\/","title":{"rendered":"Impressum"},"content":{"rendered":"<section class=\"av_textblock_section \">\n<div class=\"avia_textblock \">\n<h2><img loading=\"lazy\" decoding=\"async\" class=\"alignright size-full wp-image-1187\" src=\"https:\/\/www.wuppertal-immobilien.info\/wp-content\/uploads\/2016\/09\/Wuppertal-Stadtwappen.png\" alt=\"\" width=\"192\" height=\"207\" \/><\/h2>\n<p><strong>Horizont Immobilien<\/strong><br \/>\nPeter Stosik Immobilien-\u00d6konom (VWA)<\/p>\n<p>Kaiserstra\u00dfe 36<br \/>\n42329 Wuppertal<\/p>\n<p>Tel: +49 202 963 44 -08<br \/>\nE-Mail:\u00a0info@wuppertal-immobilien.info<\/p>\n<p>Internet: www.wuppertal-immobilien.info<br \/>\nInhaber: Herr Peter Stosik, Immobilien-\u00d6konom (VWA)<\/p>\n<p>Aufsichtsbeh\u00f6rde Wuppertal<br \/>\nUmsatzsteuer-Identifikationsnummer gem\u00e4\u00df \u00a7 27a Umsatzsteuergesetz : DE269962362<\/p>\n<p>Haftungsausschlu\u00df<br \/>\nDie Objektbeschreibungen beruhen ausschlie\u00dflich auf den Angaben, die uns von unserem Auftraggeber \u00fcbermittelt wurden. F\u00fcr die Richtigkeit, Vollst\u00e4ndigkeit und Aktualit\u00e4t \u00fcbernehmen wir keine Gew\u00e4hr. Irrtum und Zwischenverkauf vorbehalten.<br \/>\nSchadensersatzanspr\u00fcche \u2013 auch au\u00dfervertraglicher Art \u2013 sind im Falle einer fahrl\u00e4ssigen Pflichtverletzung des Maklers und seiner Erf\u00fcllungshilfen ausgeschlossen, es sei denn, dass grobe Fahrl\u00e4ssigkeit oder Vorsatz vorliegt, die Verletzung eine Pflicht betrifft, die f\u00fcr die Erreichung des Vertragszweckes von wesentlicher Bedeutung ist.<br \/>\nTrotz sorgf\u00e4ltiger inhaltlicher Kontrolle \u00fcbernehmen wir keine Haftung f\u00fcr die Inhalte externer Links.<br \/>\nF\u00fcr den Inhalt der verlinkten Seiten sind ausschlie\u00dflich deren Betreiber verantwortlich.<\/p>\n<\/div>\n<\/section>\n<section class=\"av_textblock_section \">\n<div class=\"avia_textblock \">\n<p>Technische Unterst\u00fctzung von der\u00a0<a href=\"https:\/\/www.austrianweb.at\/\" target=\"_blank\" rel=\"noopener\">Austrianweb Suchmaschinenoptimierung<\/a><\/p>\n<p>Fotos von\u00a0<strong>iStockphoto.com<\/strong><\/p>\n<ul>\n<li>Stock-Fotografie-ID:160641325<\/li>\n<li>Stock-Fotografie-ID:483264407<\/li>\n<li>Stock-Fotografie-ID:157427670<\/li>\n<li>Stock-Fotografie-ID:163641392<\/li>\n<li>Stock-Fotografie-ID:172997715<\/li>\n<li>Stock-Fotografie-ID:471865797<\/li>\n<li>Stock-Fotografie-ID:620383954<\/li>\n<li>Stock-Fotografie-ID:614957190<\/li>\n<li>Stock-Fotografie-ID:504224016<\/li>\n<li>Stock-Fotografie-ID:618346464<\/li>\n<li>Stock-Fotografie-ID:508833374<\/li>\n<\/ul>\n<\/div>\n<\/section>\n","protected":false},"excerpt":{"rendered":"<p>Horizont Immobilien Peter Stosik Immobilien-\u00d6konom (VWA) Kaiserstra\u00dfe 36 42329 Wuppertal Tel: +49 202 963 44 -08 E-Mail:\u00a0info@wuppertal-immobilien.info Internet: www.wuppertal-immobilien.info Inhaber: Herr Peter Stosik, Immobilien-\u00d6konom (VWA) Aufsichtsbeh\u00f6rde Wuppertal Umsatzsteuer-Identifikationsnummer gem\u00e4\u00df \u00a7 27a Umsatzsteuergesetz : DE269962362 Haftungsausschlu\u00df Die Objektbeschreibungen beruhen ausschlie\u00dflich auf den Angaben, die uns von unserem Auftraggeber \u00fcbermittelt wurden. F\u00fcr die Richtigkeit, Vollst\u00e4ndigkeit und Aktualit\u00e4t<\/p>\n","protected":false},"author":3,"featured_media":0,"parent":0,"menu_order":0,"comment_status":"closed","ping_status":"closed","template":"","meta":{"footnotes":""},"class_list":["post-464","page","type-page","status-publish","hentry"],"_links":{"self":[{"href":"https:\/\/www.wuppertal-immobilien.info\/immobilien-angebote\/wp-json\/wp\/v2\/pages\/464","targetHints":{"allow":["GET"]}}],"collection":[{"href":"https:\/\/www.wuppertal-immobilien.info\/immobilien-angebote\/wp-json\/wp\/v2\/pages"}],"about":[{"href":"https:\/\/www.wuppertal-immobilien.info\/immobilien-angebote\/wp-json\/wp\/v2\/types\/page"}],"author":[{"embeddable":true,"href":"https:\/\/www.wuppertal-immobilien.info\/immobilien-angebote\/wp-json\/wp\/v2\/users\/3"}],"replies":[{"embeddable":true,"href":"https:\/\/www.wuppertal-immobilien.info\/immobilien-angebote\/wp-json\/wp\/v2\/comments?post=464"}],"version-history":[{"count":6,"href":"https:\/\/www.wuppertal-immobilien.info\/immobilien-angebote\/wp-json\/wp\/v2\/pages\/464\/revisions"}],"predecessor-version":[{"id":3953,"href":"https:\/\/www.wuppertal-immobilien.info\/immobilien-angebote\/wp-json\/wp\/v2\/pages\/464\/revisions\/3953"}],"wp:attachment":[{"href":"https:\/\/www.wuppertal-immobilien.info\/immobilien-angebote\/wp-json\/wp\/v2\/media?parent=464"}],"curies":[{"name":"wp","href":"https:\/\/api.w.org\/{rel}","templated":true}]}}